{"id":4760,"date":"2021-01-26T08:54:07","date_gmt":"2021-01-26T08:54:07","guid":{"rendered":"https:\/\/www.adrenaline-check.com\/slo-pricelist\/"},"modified":"2026-03-06T10:13:12","modified_gmt":"2026-03-06T10:13:12","slug":"cenik","status":"publish","type":"page","link":"https:\/\/www.adrenaline-check.com\/sl\/cenik\/","title":{"rendered":"Cenik"},"content":{"rendered":"\t\t<div data-elementor-type=\"wp-post\" data-elementor-id=\"4760\" class=\"elementor elementor-4760 elementor-1933\" data-elementor-post-type=\"page\">\n\t\t\t\t\t\t<section class=\"elementor-section elementor-top-section elementor-element elementor-element-55da042 elementor-section-content-middle elementor-section-boxed elementor-section-height-default elementor-section-height-default\" data-id=\"55da042\" data-element_type=\"section\" data-e-type=\"section\" data-settings=\"{&quot;background_background&quot;:&quot;classic&quot;}\">\n\t\t\t\t\t\t\t<div class=\"elementor-background-overlay\"><\/div>\n\t\t\t\t\t\t\t<div class=\"elementor-container elementor-column-gap-no\">\n\t\t\t\t\t<div class=\"elementor-column elementor-col-100 elementor-top-column elementor-element elementor-element-f0b3b04\" data-id=\"f0b3b04\" data-element_type=\"column\" data-e-type=\"column\">\n\t\t\t<div class=\"elementor-widget-wrap elementor-element-populated\">\n\t\t\t\t\t\t<div class=\"elementor-element elementor-element-ca6074d elementor-widget elementor-widget-heading\" data-id=\"ca6074d\" data-element_type=\"widget\" data-e-type=\"widget\" data-widget_type=\"heading.default\">\n\t\t\t\t<div class=\"elementor-widget-container\">\n\t\t\t\t\t<h1 class=\"elementor-heading-title elementor-size-default\">Cenik 2025<\/h1>\t\t\t\t<\/div>\n\t\t\t\t<\/div>\n\t\t\t\t\t<\/div>\n\t\t<\/div>\n\t\t\t\t\t<\/div>\n\t\t<\/section>\n\t\t\t\t<section class=\"elementor-section elementor-top-section elementor-element elementor-element-e0b84c5 elementor-section-content-middle elementor-section-boxed elementor-section-height-default elementor-section-height-default\" data-id=\"e0b84c5\" data-element_type=\"section\" data-e-type=\"section\">\n\t\t\t\t\t\t<div class=\"elementor-container elementor-column-gap-no\">\n\t\t\t\t\t<div class=\"elementor-column elementor-col-100 elementor-top-column elementor-element elementor-element-4f11e7c\" data-id=\"4f11e7c\" data-element_type=\"column\" data-e-type=\"column\">\n\t\t\t<div class=\"elementor-widget-wrap elementor-element-populated\">\n\t\t\t\t\t\t<div class=\"elementor-element elementor-element-715810a elementor-tabs-view-vertical elementor-widget elementor-widget-tabs\" data-id=\"715810a\" data-element_type=\"widget\" data-e-type=\"widget\" data-widget_type=\"tabs.default\">\n\t\t\t\t<div class=\"elementor-widget-container\">\n\t\t\t\t\t\t\t<div class=\"elementor-tabs\">\n\t\t\t<div class=\"elementor-tabs-wrapper\" role=\"tablist\" >\n\t\t\t\t\t\t\t\t\t<div id=\"elementor-tab-title-1181\" class=\"elementor-tab-title elementor-tab-desktop-title\" aria-selected=\"true\" data-tab=\"1\" role=\"tab\" tabindex=\"0\" aria-controls=\"elementor-tab-content-1181\" aria-expanded=\"false\">Namestitev<\/div>\n\t\t\t\t\t\t\t\t\t<div id=\"elementor-tab-title-1182\" class=\"elementor-tab-title elementor-tab-desktop-title\" aria-selected=\"false\" data-tab=\"2\" role=\"tab\" tabindex=\"-1\" aria-controls=\"elementor-tab-content-1182\" aria-expanded=\"false\">Avanture<\/div>\n\t\t\t\t\t\t\t\t\t<div id=\"elementor-tab-title-1183\" class=\"elementor-tab-title elementor-tab-desktop-title\" aria-selected=\"false\" data-tab=\"3\" role=\"tab\" tabindex=\"-1\" aria-controls=\"elementor-tab-content-1183\" aria-expanded=\"false\">Paketi<\/div>\n\t\t\t\t\t\t\t<\/div>\n\t\t\t<div class=\"elementor-tabs-content-wrapper\" role=\"tablist\" aria-orientation=\"vertical\">\n\t\t\t\t\t\t\t\t\t<div class=\"elementor-tab-title elementor-tab-mobile-title\" aria-selected=\"true\" data-tab=\"1\" role=\"tab\" tabindex=\"0\" aria-controls=\"elementor-tab-content-1181\" aria-expanded=\"false\">Namestitev<\/div>\n\t\t\t\t\t<div id=\"elementor-tab-content-1181\" class=\"elementor-tab-content elementor-clearfix\" data-tab=\"1\" role=\"tabpanel\" aria-labelledby=\"elementor-tab-title-1181\" tabindex=\"0\" hidden=\"false\"><table>\n<tbody>\n<tr>\n<td width=\"64\"><strong>Namestitev<\/strong><\/td>\n<td width=\"70\"><strong>Cene<\/strong><\/td>\n<\/tr>\n<tr>\n<td width=\"64\"><strong>So\u0161ke Sanje<br \/><\/strong><\/td>\n<td width=\"70\">\u00a0<\/td>\n<\/tr>\n<tr>\n<td width=\"64\"><strong>2 osebi<\/strong><\/td>\n<td width=\"70\">80-170 \u20ac\/no\u010d<\/td>\n<\/tr>\n<tr>\n<td width=\"64\"><strong>3 osebe<br \/><\/strong><\/td>\n<td width=\"70\">100-180 \u20ac\/no\u010d<\/td>\n<\/tr>\n<tr>\n<td width=\"64\"><strong>Family (4 osebe)<\/strong><\/td>\n<td width=\"70\">120-230 \u20ac\/no\u010d<\/td>\n<\/tr>\n<tr>\n<td width=\"64\"><strong>So\u0161ka Postelja<br \/><\/strong><\/td>\n<td width=\"70\">\u00a0<\/td>\n<\/tr>\n<tr>\n<td width=\"64\"><strong>Deluxe<\/strong><\/td>\n<td width=\"70\">130-230 \u20ac\/no\u010d<\/td>\n<\/tr>\n<tr>\n<td width=\"64\"><strong>2 osebi<br \/><\/strong><\/td>\n<td width=\"70\">80-150 \u20ac\/no\u010d<\/td>\n<\/tr>\n<tr>\n<td width=\"64\"><strong>3 osebe<br \/><\/strong><\/td>\n<td width=\"70\">80-160 \u20ac\/no\u010d<\/td>\n<\/tr>\n<tr>\n<td width=\"64\"><strong>Family (4 osebe)<\/strong><\/td>\n<td width=\"70\">100-200 \u20ac\/no\u010d<\/td>\n<\/tr>\n<tr>\n<td width=\"64\"><strong>Prostor za \u0161otor (Odrasli)<br \/><\/strong><\/td>\n<td width=\"70\">15-22 \u20ac\/os\/no\u010d<\/td>\n<\/tr>\n<tr>\n<td width=\"64\"><strong>Prostor za \u0161otor (Otroci 5 \u2013 13 let)<\/strong><\/td>\n<td width=\"70\">10-17 \u20ac\/os\/no\u010d<\/td>\n<\/tr>\n<tr>\n<td width=\"64\"><strong>Pes (dovoljeni samo priprostoru za \u0161otor)<\/strong><\/td>\n<td width=\"70\">5 \u20ac\/no\u010d<\/td>\n<\/tr>\n<tr>\n<td width=\"64\"><strong>Turisti\u010dna taksa (7 + let)<\/strong><\/td>\n<td width=\"70\">2 \u20ac\/per\/night<\/td>\n<\/tr>\n<\/tbody>\n<\/table>\n<ul>\n<li>Psi so dovoljeni samo pri prostoru za \u0161otor<\/li>\n<li>Minimalna doba bivanja je 2 no\u010di<\/li>\n<li>Cena namestitve se spreminja, glede na sezono. Cene za va\u0161 termin preverite v na\u0161em rezervacijskem sistemu \u2013 rezerviraj!<\/li>\n<\/ul>\n<h4><strong>CENA VKLJU\u010cUJE<br \/><\/strong><\/h4>\n<ul>\n<li>Cene so dolo\u010dene po sistemu enota\/no\u010d (razen pri prostoru za \u0161otor so cene po osebi na no\u010d)<\/li>\n<li>Parkiri\u0161\u010de (zunaj resorta)<\/li>\n<li>Privatna terasa (So\u0161ka Postelja, Deluxe &amp; So\u0161ke Sanje)<\/li>\n<li>Brisa\u010de in posteljnina (So\u0161ka Postelja, Deluxe &amp; So\u0161ke Sanje)<\/li>\n<li>Uporabo kuhinje<\/li>\n<li>Uporabo toalet in zunanjih tu\u0161ev<\/li>\n<li>vse aktivnosti v kampu (odbojka, mini namizni tenis, lokostrelstvo,\u2026) in otro\u0161ko igri\u0161\u010de<\/li>\n<li>Kon\u010dno \u010di\u0161\u010denje<\/li>\n<\/ul>\n<p><strong>Prijava (Check in):<\/strong> od 15.00 \u2013 20 00<br \/><strong>Odjava (Check-out):<\/strong> od 07.00 -10.00 h (7am &#8211; 10 am)<\/p><\/div>\n\t\t\t\t\t\t\t\t\t<div class=\"elementor-tab-title elementor-tab-mobile-title\" aria-selected=\"false\" data-tab=\"2\" role=\"tab\" tabindex=\"-1\" aria-controls=\"elementor-tab-content-1182\" aria-expanded=\"false\">Avanture<\/div>\n\t\t\t\t\t<div id=\"elementor-tab-content-1182\" class=\"elementor-tab-content elementor-clearfix\" data-tab=\"2\" role=\"tabpanel\" aria-labelledby=\"elementor-tab-title-1182\" tabindex=\"0\" hidden=\"hidden\"><table><tbody><tr><td width=\"79\"><strong>Rafting (Boka \u2013 Trnovo)<\/strong><\/td><td width=\"60\">72 \u20ac\/os<\/td><\/tr><tr><td width=\"79\"><strong>Rafting (Dru\u017einski)<\/strong><\/td><td width=\"60\">60 \u20ac\/os<\/td><\/tr><tr><td width=\"79\"><strong>Soteskanje (Su\u0161ec)<\/strong><\/td><td width=\"60\">72 \u20ac\/os<\/td><\/tr><tr><td width=\"79\"><strong>Extremno Soteskanje (Fratarca)<\/strong><\/td><td width=\"60\">100 \u20ac\/os<\/td><\/tr><tr><td width=\"79\"><strong>Kajak<\/strong><strong> (Izlet)<\/strong><\/td><td width=\"60\">70 \u20ac\/os<\/td><\/tr><tr><td width=\"79\"><strong>\u0160ola Kajaka<\/strong><\/td><td width=\"60\">80 \u20ac \u20ac\/os<\/td><\/tr><tr><td width=\"79\"><strong>Zip Line<\/strong><\/td><td width=\"60\">75 \u20ac\/os<\/td><\/tr><tr><td width=\"79\"><strong>Gorsko kolo (najem)<br \/><\/strong><\/td><td width=\"60\">15\/20 \u20ac\/os<\/td><\/tr><tr><td width=\"79\"><strong>Elektri\u010dno gorsko kolo (najem)<\/strong><\/td><td width=\"60\">40\/50\u00a0 \u20ac\/os<\/td><\/tr><tr><td width=\"79\"><strong>Je\u017ea konjev<br \/><\/strong><\/td><td width=\"60\">60 \u20ac\/os<\/td><\/tr><tr><td width=\"79\"><strong>Plezanje<\/strong><\/td><td width=\"60\">70 \u20ac\/os<\/td><\/tr><tr><td width=\"79\"><strong>Jadralno Padalstvo<br \/><\/strong><\/td><td width=\"60\">190 \u20ac\/os<\/td><\/tr><tr><td width=\"79\"><strong>Skok z letala (Tandem)<br \/><\/strong><\/td><td width=\"60\">270 \u20ac\/os<\/td><\/tr><tr><td width=\"79\"><strong>Re\u010dni bob<br \/><\/strong><\/td><td width=\"60\">85 \u20ac\/os<\/td><\/tr><tr><td width=\"79\"><strong>Adrenalinski Park (Bovec)<\/strong><\/td><td width=\"60\">25 \u20ac\/odrasli, 12 \u20ac\/otroci<\/td><\/tr><tr><td width=\"79\"><strong>Adrenalinski Park (Srnica)<\/strong><\/td><td width=\"60\">30 \u20ac\/odrasli, 25 \u20ac\/otroci<\/td><\/tr><\/tbody><\/table><\/div>\n\t\t\t\t\t\t\t\t\t<div class=\"elementor-tab-title elementor-tab-mobile-title\" aria-selected=\"false\" data-tab=\"3\" role=\"tab\" tabindex=\"-1\" aria-controls=\"elementor-tab-content-1183\" aria-expanded=\"false\">Paketi<\/div>\n\t\t\t\t\t<div id=\"elementor-tab-content-1183\" class=\"elementor-tab-content elementor-clearfix\" data-tab=\"3\" role=\"tabpanel\" aria-labelledby=\"elementor-tab-title-1183\" tabindex=\"0\" hidden=\"hidden\"><h4>Multi Avantura<\/h4>\n<table>\n<tbody>\n<tr>\n<td width=\"159\"><strong>Namestitev\u00a0 <\/strong><\/td>\n<td width=\"102\"><strong>Cena<\/strong><\/td>\n<td width=\"97\"><strong>Posebna ponudba<br \/><\/strong><\/td>\n<td width=\"49\"><em>Prihranek<\/em><\/td>\n<\/tr>\n<tr>\n<td width=\"159\">Prostor za \u0161otor<\/td>\n<td width=\"102\">196 \u20ac\/os<\/td>\n<td width=\"97\"><strong>180 \u20ac\/os<\/strong><\/td>\n<td width=\"49\">16 \u20ac\/os<\/td>\n<\/tr>\n<tr>\n<td width=\"159\">So\u0161ka Postelja<\/td>\n<td width=\"102\">272 \u20ac\/os<\/td>\n<td width=\"97\"><strong>229<\/strong><strong> \u20ac\/os<\/strong><\/td>\n<td width=\"49\">43 \u20ac\/os<\/td>\n<\/tr>\n<tr>\n<td width=\"159\">So\u0161ke Sanje<\/td>\n<td width=\"102\">292 \u20ac\/os<\/td>\n<td width=\"97\"><strong>269 \u20ac\/os<\/strong><\/td>\n<td width=\"49\">23 \u20ac\/os<\/td>\n<\/tr>\n<tr>\n<td width=\"159\">So\u0161ka Postelja Deluxe<\/td>\n<td width=\"102\">352 \u20ac\/os<\/td>\n<td width=\"97\"><strong>319 \u20ac\/os<\/strong><\/td>\n<td width=\"49\">33 \u20ac\/os<\/td>\n<\/tr>\n<\/tbody>\n<\/table>\n<h4>Smaragdna Avantura<\/h4>\n<table>\n<tbody>\n<tr>\n<td width=\"159\"><strong>Namestitev\u00a0 <\/strong><\/td>\n<td width=\"102\"><strong>Cena<\/strong><\/td>\n<td width=\"97\"><strong>Posebna ponudba<br \/><\/strong><\/td>\n<td width=\"49\">Prihranek<\/td>\n<\/tr>\n<tr>\n<td width=\"159\">Prostor za \u0161otor<\/td>\n<td width=\"102\">300 \u20ac\/os<\/td>\n<td width=\"97\"><strong>270 \u20ac\/os<\/strong><\/td>\n<td width=\"49\">30 \u20ac\/os<\/td>\n<\/tr>\n<tr>\n<td width=\"159\">So\u0161ka Postelja<\/td>\n<td width=\"102\">414 \u20ac\/os<\/td>\n<td width=\"97\"><strong>369<\/strong><strong> \u20ac\/os<\/strong><\/td>\n<td width=\"49\">45 \u20ac\/os<\/td>\n<\/tr>\n<tr>\n<td width=\"159\">So\u0161ke Sanje<\/td>\n<td width=\"102\">489 \u20ac\/os<\/td>\n<td width=\"97\"><strong>402 \u20ac\/os<\/strong><\/td>\n<td width=\"49\">87 \u20ac\/os<\/td>\n<\/tr>\n<tr>\n<td width=\"159\">So\u0161ka Postelja Deluxe<\/td>\n<td width=\"102\">580 \u20ac\/os<\/td>\n<td width=\"97\"><strong>492 \u20ac\/os<\/strong><\/td>\n<td width=\"49\">88 \u20ac\/os<\/td>\n<\/tr>\n<\/tbody>\n<\/table>\n<h4>So\u010da Aktiv<\/h4>\n<table>\n<tbody>\n<tr>\n<td width=\"159\"><strong>Namestitev\u00a0 <\/strong><\/td>\n<td width=\"102\"><strong>Cena<\/strong><\/td>\n<td width=\"97\"><strong>Posebna ponudba<br \/><\/strong><\/td>\n<td width=\"49\">Prihranek<\/td>\n<\/tr>\n<tr>\n<td width=\"159\">Prostor za \u0161otor<\/td>\n<td width=\"102\">424 \u20ac\/os<\/td>\n<td width=\"97\"><strong>400 \u20ac\/os<\/strong><\/td>\n<td width=\"49\">24 \u20ac\/os<\/td>\n<\/tr>\n<tr>\n<td width=\"159\">So\u0161ka Postelja<\/td>\n<td width=\"102\">610 \u20ac\/os<\/td>\n<td width=\"97\"><strong>560<\/strong><strong> \u20ac\/os<\/strong><\/td>\n<td width=\"49\">50 \u20ac\/os<\/td>\n<\/tr>\n<tr>\n<td width=\"159\">So\u0161ke Sanje<\/td>\n<td width=\"102\">735 \u20ac\/os<\/td>\n<td width=\"97\"><strong>660 \u20ac\/os<\/strong><\/td>\n<td width=\"49\">75 \u20ac\/os<\/td>\n<\/tr>\n<tr>\n<td width=\"159\">So\u0161ka Postelja Deluxe<\/td>\n<td width=\"102\">890 \u20ac\/os<\/td>\n<td width=\"97\"><strong>760 \u20ac\/os<\/strong><\/td>\n<td width=\"49\">130 \u20ac\/os<\/td>\n<\/tr>\n<\/tbody>\n<\/table><\/div>\n\t\t\t\t\t\t\t<\/div>\n\t\t<\/div>\n\t\t\t\t\t\t<\/div>\n\t\t\t\t<\/div>\n\t\t\t\t\t<\/div>\n\t\t<\/div>\n\t\t\t\t\t<\/div>\n\t\t<\/section>\n\t\t\t\t<section class=\"elementor-section elementor-top-section elementor-element elementor-element-d0c0f8f elementor-section-full_width elementor-section-height-default elementor-section-height-default\" data-id=\"d0c0f8f\" data-element_type=\"section\" data-e-type=\"section\">\n\t\t\t\t\t\t<div class=\"elementor-container elementor-column-gap-no\">\n\t\t\t\t\t<div class=\"elementor-column elementor-col-100 elementor-top-column elementor-element elementor-element-b37ff85\" data-id=\"b37ff85\" data-element_type=\"column\" data-e-type=\"column\">\n\t\t\t<div class=\"elementor-widget-wrap elementor-element-populated\">\n\t\t\t\t\t\t<div class=\"elementor-element elementor-element-64adbda elementor-widget elementor-widget-template\" data-id=\"64adbda\" data-element_type=\"widget\" data-e-type=\"widget\" data-widget_type=\"template.default\">\n\t\t\t\t<div class=\"elementor-widget-container\">\n\t\t\t\t\t\t\t<div class=\"elementor-template\">\n\t\t\t\t\t<div data-elementor-type=\"section\" data-elementor-id=\"4217\" class=\"elementor elementor-4217 elementor-4131 elementor-4131\" data-elementor-post-type=\"elementor_library\">\n\t\t\t\t\t<section class=\"elementor-section elementor-top-section elementor-element elementor-element-40bf5426 elementor-section-boxed elementor-section-height-default elementor-section-height-default\" data-id=\"40bf5426\" data-element_type=\"section\" data-e-type=\"section\" id=\"info\" data-settings=\"{&quot;background_background&quot;:&quot;classic&quot;}\">\n\t\t\t\t\t\t<div class=\"elementor-container elementor-column-gap-default\">\n\t\t\t\t\t<div class=\"elementor-column elementor-col-100 elementor-top-column elementor-element elementor-element-14b4d02b\" data-id=\"14b4d02b\" data-element_type=\"column\" data-e-type=\"column\">\n\t\t\t<div class=\"elementor-widget-wrap elementor-element-populated\">\n\t\t\t\t\t\t<div class=\"elementor-element elementor-element-5ca42483 elementor-widget elementor-widget-heading\" data-id=\"5ca42483\" data-element_type=\"widget\" data-e-type=\"widget\" data-widget_type=\"heading.default\">\n\t\t\t\t<div class=\"elementor-widget-container\">\n\t\t\t\t\t<h3 class=\"elementor-heading-title elementor-size-default\">zadnje<\/h3>\t\t\t\t<\/div>\n\t\t\t\t<\/div>\n\t\t\t\t<div class=\"elementor-element elementor-element-1b3ca4c1 elementor-widget elementor-widget-heading\" data-id=\"1b3ca4c1\" data-element_type=\"widget\" data-e-type=\"widget\" data-widget_type=\"heading.default\">\n\t\t\t\t<div class=\"elementor-widget-container\">\n\t\t\t\t\t<h2 class=\"elementor-heading-title elementor-size-default\">objave<\/h2>\t\t\t\t<\/div>\n\t\t\t\t<\/div>\n\t\t\t\t<div class=\"elementor-element elementor-element-3bf22774 uael-post__link-complete-yes uael-equal__height-yes elementor-widget elementor-widget-uael-posts\" data-id=\"3bf22774\" data-element_type=\"widget\" data-e-type=\"widget\" data-settings=\"{&quot;classic_slides_to_show&quot;:2,&quot;classic_slides_to_show_tablet&quot;:2,&quot;classic_slides_to_show_mobile&quot;:1,&quot;classic_show_filters&quot;:&quot;no&quot;}\" data-widget_type=\"uael-posts.classic\">\n\t\t\t\t<div class=\"elementor-widget-container\">\n\t\t\t\t\t\t\t<div class=\"uael-post__header\">\n\t\t\t\t\t<\/div>\n\t\t<div class=\"uael-post__body\">\n\t\t\t\n\t\t\n\t\t<div class=\"uael-blog-terms-position-above_content uael-post-image-top uael-post-grid uael-posts\" data-query-type=\"custom\" data-structure=\"normal\" data-layout=\"\" data-page=\"4217\" data-skin=\"classic\" data-filter-default=\"\" data-offset-top=\"30\" >\n\n\t\t\t\t\t\t\t<div class=\"uael-post-grid__inner uael-post__columns-2 uael-post__columns-tablet-2 uael-post__columns-mobile-1\">\n\t\t\t\n<div class=\"uael-post-wrapper   novice \">\n\t<div class=\"uael-post__bg-wrap uael-bg-wrap-disabled \">\n\n\t\t\t\t\t<a href=\"https:\/\/www.adrenaline-check.com\/sl\/2022\/02\/otvoritev-2022\/\" target=\"_self\" class=\"uael-post__complete-box-overlay\" aria-label=\"Link Complete Box\"><\/a>\n\t\t\t\t\n\t\t<div class=\"uael-post__inner-wrap uael-inner-wrap-disabled\">\n\n\t\t\t\t<div class=\"uael-post__thumbnail\">\n\t\t\t\n\t\t\t<a href=\"https:\/\/www.adrenaline-check.com\/sl\/2022\/02\/otvoritev-2022\/\" target=\"_self\" title=\"Adrenalin\u010dek\"><img fetchpriority=\"high\" decoding=\"async\" width=\"768\" height=\"546\" src=\"https:\/\/www.adrenaline-check.com\/wp-content\/uploads\/2020\/11\/DJI_0006-768x546.jpg\" class=\"attachment-medium_large size-medium_large wp-image-899\" alt=\"\" srcset=\"https:\/\/www.adrenaline-check.com\/wp-content\/uploads\/2020\/11\/DJI_0006-768x546.jpg 768w, https:\/\/www.adrenaline-check.com\/wp-content\/uploads\/2020\/11\/DJI_0006-300x213.jpg 300w, https:\/\/www.adrenaline-check.com\/wp-content\/uploads\/2020\/11\/DJI_0006-1024x728.jpg 1024w, https:\/\/www.adrenaline-check.com\/wp-content\/uploads\/2020\/11\/DJI_0006-1536x1092.jpg 1536w, https:\/\/www.adrenaline-check.com\/wp-content\/uploads\/2020\/11\/DJI_0006-2048x1456.jpg 2048w\" sizes=\"(max-width: 768px) 100vw, 768px\" \/><\/a>\n\t\t\t\t\t<\/div>\n\t\t\n\t\t\t\n\t\t\t<div class=\"uael-post__content-wrap uael-content-wrap-disabled\">\n\t\t\t\t\t\t\t<div class=\"uael-post__terms-wrap\"><span class=\"uael-post__terms\"><a href=\"https:\/\/www.adrenaline-check.com\/sl\/category\/novice\/\" class=\"uael-listing__terms-link\" id=\"uael-post-term-novice\" aria-labelledby=\"uael-post-term-novice\">Novice<\/a><\/span><\/div>\n\t\t\t\t\t\t<h3 class=\"uael-post__title\">\n\n\t\t\n\t\t\t\t\t\t<a href=\"https:\/\/www.adrenaline-check.com\/sl\/2022\/02\/otvoritev-2022\/\" target=\"_self\">\n\t\t\t\tAdrenalin\u010dek\t\t\t<\/a>\n\n\t\t\t\t<\/h3>\n\t\t\t\t\t<div class=\"uael-post__meta-data\">\n\t\t\t\t\t<span class=\"uael-post__date\">\n\t\t\t\t\t\t\t\t\t\t\t\t\t<i aria-hidden=\"true\" class=\"fa fa-calendar\"><\/i>\t\t\t\t\t\t\t\t\t\n\t\t\t19. februarja, 2022\t\t<\/span>\n\t\t\t\t<span class=\"uael-post__comments\">\n\t\t\t\t\t\t\t\t\t\t\t\t<i aria-hidden=\"true\" class=\"fa fa-comments\"><\/i>\t\t\t\t\t\t\t\t\t\tNi komentarjev\t\t<\/span>\n\t\t\t\t<\/div>\n\t\t\n\t\t<div class=\"uael-post__excerpt\">\n\t\t\tRezervirajte svoje najljub\u0161e po\u010ditnice zdaj!\t\t<\/div>\n\n\t\t\t\t\t<a class=\"uael-post__read-more elementor-button\" href=\"https:\/\/www.adrenaline-check.com\/sl\/2022\/02\/otvoritev-2022\/\" target=\"_self\" aria-labelledby=\"uael-post-4114\">\n\t\t\t\t\t<span class=\"elementor-button-content-wrapper\">\n\t\t\t\t\t\t\t\t\t\t\t\t\t\t<span class=\"elementor-button-icon elementor-align-icon-left\">\n\n\t\t\t\t\t\t\t\t\t\n\t\t\t\t\t\t\t\t<\/span>\n\t\t\t\t\t\t\t\t\t\t\t\t\t\n\t\t\t\t\t\t<span class=\"elementor-button-text\" id=uael-post-4114>Preberi ve\u010d \u2192<\/span>\n\t\t\t\t\t<\/span>\n\t\t\t\t<\/a>\n\t\t\t\t\t\t<\/div>\n\t\t\t\n\t\t<\/div>\n\t\t\n\t<\/div>\n\n<\/div>\n\t\t\t\t<\/div>\n\t\t\t\t\t\t\n\t\t<\/div>\n\n\t\t\t\t\t\t<\/div>\n\t\t<div class=\"uael-post__footer\">\n\t\t\t\t\t<\/div>\n\t\t\t\t\t\t<\/div>\n\t\t\t\t<\/div>\n\t\t\t\t\t<\/div>\n\t\t<\/div>\n\t\t\t\t\t<\/div>\n\t\t<\/section>\n\t\t\t\t<\/div>\n\t\t\t\t<\/div>\n\t\t\t\t\t\t<\/div>\n\t\t\t\t<\/div>\n\t\t\t\t\t<\/div>\n\t\t<\/div>\n\t\t\t\t\t<\/div>\n\t\t<\/section>\n\t\t\t\t<\/div>\n\t\t","protected":false},"excerpt":{"rendered":"<p>Cenik 2025 Namestitev Avanture Paketi Namestitev Namestitev Cene So\u0161ke Sanje \u00a0 2 osebi 80-170 \u20ac\/no\u010d 3 osebe 100-180 \u20ac\/no\u010d Family (4 osebe) 120-230 \u20ac\/no\u010d So\u0161ka Postelja \u00a0 Deluxe 130-230 \u20ac\/no\u010d 2 osebi 80-150 \u20ac\/no\u010d 3 osebe 80-160 \u20ac\/no\u010d Family (4 osebe) 100-200 \u20ac\/no\u010d Prostor za \u0161otor (Odrasli) 15-22 \u20ac\/os\/no\u010d Prostor za \u0161otor (Otroci 5 \u2013 [&hellip;]<\/p>\n","protected":false},"author":1,"featured_media":0,"parent":0,"menu_order":5,"comment_status":"closed","ping_status":"closed","template":"","meta":{"site-sidebar-layout":"no-sidebar","site-content-layout":"page-builder","ast-site-content-layout":"full-width-container","site-content-style":"unboxed","site-sidebar-style":"unboxed","ast-global-header-display":"","ast-banner-title-visibility":"","ast-main-header-display":"","ast-hfb-above-header-display":"","ast-hfb-below-header-display":"","ast-hfb-mobile-header-display":"","site-post-title":"disabled","ast-breadcrumbs-content":"","ast-featured-img":"disabled","footer-sml-layout":"","ast-disable-related-posts":"","theme-transparent-header-meta":"enabled","adv-header-id-meta":"","stick-header-meta":"","header-above-stick-meta":"","header-main-stick-meta":"","header-below-stick-meta":"","astra-migrate-meta-layouts":"default","ast-page-background-enabled":"default","ast-page-background-meta":{"desktop":{"background-color":"","background-image":"","background-repeat":"repeat","background-position":"center center","background-size":"auto","background-attachment":"scroll","background-type":"","background-media":"","overlay-type":"","overlay-color":"","overlay-opacity":"","overlay-gradient":""},"tablet":{"background-color":"","background-image":"","background-repeat":"repeat","background-position":"center center","background-size":"auto","background-attachment":"scroll","background-type":"","background-media":"","overlay-type":"","overlay-color":"","overlay-opacity":"","overlay-gradient":""},"mobile":{"background-color":"","background-image":"","background-repeat":"repeat","background-position":"center center","background-size":"auto","background-attachment":"scroll","background-type":"","background-media":"","overlay-type":"","overlay-color":"","overlay-opacity":"","overlay-gradient":""}},"ast-content-background-meta":{"desktop":{"background-color":"var(--ast-global-color-5)","background-image":"","background-repeat":"repeat","background-position":"center center","background-size":"auto","background-attachment":"scroll","background-type":"","background-media":"","overlay-type":"","overlay-color":"","overlay-opacity":"","overlay-gradient":""},"tablet":{"background-color":"var(--ast-global-color-5)","background-image":"","background-repeat":"repeat","background-position":"center center","background-size":"auto","background-attachment":"scroll","background-type":"","background-media":"","overlay-type":"","overlay-color":"","overlay-opacity":"","overlay-gradient":""},"mobile":{"background-color":"var(--ast-global-color-5)","background-image":"","background-repeat":"repeat","background-position":"center center","background-size":"auto","background-attachment":"scroll","background-type":"","background-media":"","overlay-type":"","overlay-color":"","overlay-opacity":"","overlay-gradient":""}},"footnotes":""},"class_list":["post-4760","page","type-page","status-publish","hentry"],"_links":{"self":[{"href":"https:\/\/www.adrenaline-check.com\/sl\/wp-json\/wp\/v2\/pages\/4760","targetHints":{"allow":["GET"]}}],"collection":[{"href":"https:\/\/www.adrenaline-check.com\/sl\/wp-json\/wp\/v2\/pages"}],"about":[{"href":"https:\/\/www.adrenaline-check.com\/sl\/wp-json\/wp\/v2\/types\/page"}],"author":[{"embeddable":true,"href":"https:\/\/www.adrenaline-check.com\/sl\/wp-json\/wp\/v2\/users\/1"}],"replies":[{"embeddable":true,"href":"https:\/\/www.adrenaline-check.com\/sl\/wp-json\/wp\/v2\/comments?post=4760"}],"version-history":[{"count":0,"href":"https:\/\/www.adrenaline-check.com\/sl\/wp-json\/wp\/v2\/pages\/4760\/revisions"}],"wp:attachment":[{"href":"https:\/\/www.adrenaline-check.com\/sl\/wp-json\/wp\/v2\/media?parent=4760"}],"curies":[{"name":"wp","href":"https:\/\/api.w.org\/{rel}","templated":true}]}}