{"id":4786,"date":"2021-01-26T09:07:37","date_gmt":"2021-01-26T09:07:37","guid":{"rendered":"https:\/\/www.adrenaline-check.com\/politika-zasebnosti\/"},"modified":"2021-02-11T13:00:49","modified_gmt":"2021-02-11T13:00:49","slug":"politika-zasebnosti","status":"publish","type":"page","link":"https:\/\/www.adrenaline-check.com\/sl\/politika-zasebnosti\/","title":{"rendered":"Politika zasebnosti"},"content":{"rendered":"\t\t<div data-elementor-type=\"wp-post\" data-elementor-id=\"4786\" class=\"elementor elementor-4786 elementor-2693\" data-elementor-post-type=\"page\">\n\t\t\t\t\t\t<section class=\"elementor-section elementor-top-section elementor-element elementor-element-55da042 elementor-section-content-middle elementor-section-boxed elementor-section-height-default elementor-section-height-default\" data-id=\"55da042\" data-element_type=\"section\" data-e-type=\"section\" data-settings=\"{&quot;background_background&quot;:&quot;classic&quot;}\">\n\t\t\t\t\t\t\t<div class=\"elementor-background-overlay\"><\/div>\n\t\t\t\t\t\t\t<div class=\"elementor-container elementor-column-gap-no\">\n\t\t\t\t\t<div class=\"elementor-column elementor-col-100 elementor-top-column elementor-element elementor-element-f0b3b04\" data-id=\"f0b3b04\" data-element_type=\"column\" data-e-type=\"column\">\n\t\t\t<div class=\"elementor-widget-wrap elementor-element-populated\">\n\t\t\t\t\t\t<div class=\"elementor-element elementor-element-ca6074d elementor-widget elementor-widget-heading\" data-id=\"ca6074d\" data-element_type=\"widget\" data-e-type=\"widget\" data-widget_type=\"heading.default\">\n\t\t\t\t<div class=\"elementor-widget-container\">\n\t\t\t\t\t<h1 class=\"elementor-heading-title elementor-size-default\">Politika zasebnosti<\/h1>\t\t\t\t<\/div>\n\t\t\t\t<\/div>\n\t\t\t\t\t<\/div>\n\t\t<\/div>\n\t\t\t\t\t<\/div>\n\t\t<\/section>\n\t\t\t\t<section class=\"elementor-section elementor-top-section elementor-element elementor-element-e0b84c5 elementor-section-content-middle elementor-section-boxed elementor-section-height-default elementor-section-height-default\" data-id=\"e0b84c5\" data-element_type=\"section\" data-e-type=\"section\">\n\t\t\t\t\t\t<div class=\"elementor-container elementor-column-gap-no\">\n\t\t\t\t\t<div class=\"elementor-column elementor-col-100 elementor-top-column elementor-element elementor-element-4f11e7c\" data-id=\"4f11e7c\" data-element_type=\"column\" data-e-type=\"column\">\n\t\t\t<div class=\"elementor-widget-wrap elementor-element-populated\">\n\t\t\t\t\t\t<div class=\"elementor-element elementor-element-192230e elementor-widget elementor-widget-text-editor\" data-id=\"192230e\" data-element_type=\"widget\" data-e-type=\"widget\" data-widget_type=\"text-editor.default\">\n\t\t\t\t<div class=\"elementor-widget-container\">\n\t\t\t\t\t\t\t\t\t<p>Ta Politika varstva zasebnosti in uporabe pi\u0161kotkov na spletnem mestu velja za vsakogar, ki se \u0161teje za uporabnika ter za celotno spletno mesto, vklju\u010dno z njegovimi podstranmi.<\/p><p>Uporabnik je vsaka pravna ali fizi\u010dna oseba, ki uporablja oziroma obi\u0161\u010de spletno mesto <a href=\"http:\/\/www.adrenalincek.org\">www.adrenalincek.org<\/a>\/si\u00a0(v nadaljevanju: uporabnik).<br \/>Kupec je vsaka pravna ali fizi\u010dna oseba, ki v skladu s Splo\u0161nimi pogoji poslovanja <a href=\"http:\/\/www.adrenalincek.org\">www.adrenalincek.org<\/a>\/si sklene eno izmed pogodb (v nadaljevanju: kupec).<\/p><p>Z uporabo spletnega mesta, uporabnik potrjuje, da se strinja s to Politiko varstva zasebnosti in pi\u0161kotkov na spletnem mestu. Uporabnik se z nadaljnjo uporabo spletnega mesta strinja s spremembami.<\/p><p>\u00a0<\/p><h3>1. Varstvo osebnih podatkov<\/h3><p>V Adrenalin\u010dek d.o.o. spo\u0161tujemo va\u0161o zasebnost in bomo va\u0161e osebne podatke uporabili izklju\u010dno za navedene namene. Va\u0161e osebne podatke bomo skrbno varovali v skladu z zakonodajo, ki ureja varstvo osebnih podatkov (<a href=\"https:\/\/eur-lex.europa.eu\/legal-content\/EN\/ALL\/?uri=CELEX%3A32016R0679\">Uredba EU 2016\/679 (GDPR)<\/a>) in\u00a0<a href=\"https:\/\/zakonodaja.com\/zakon\/zvop-1\">Zakon o varovanju osebnih podatkov &#8211; ZVOP-1<\/a>), Politiko varstva zasebnosti in pi\u0161kotkov na spletnem mestu in internim aktom na\u0161ega zavoda.<\/p><h3>2. <strong>Upravljavec osebnih podatkov<\/strong><\/h3><p>Upravljavec osebnih podatkov, ki se obdelujejo skladno s Politiko varstva zasebnosti in internim aktom, je Adrenalin\u010dek d.o.o., Spominska 4, 3000 Celje.<\/p><h3>3. <strong>Poobla\u0161\u010dena oseba za varstvo osebnih podatkov<\/strong><\/h3><p>Poobla\u0161\u010dena oseba za varstvo osebnih podatkov v Adrenalin\u010dek d.o.o. je Matic Lesko\u0161ek, dosegljiv na e-naslovu <a href=\"mailto:info@adrenalincek.org\">info@adrenalincek.org<\/a>.<\/p><h3>4. <strong>Posredovanje osebnih podatkov tretjim osebam ali v tretje dr\u017eave<\/strong><\/h3><p>Adrenalin\u010dek d.o.o. zbranih osebnih podatkov ne posreduje tretjim osebam ali v tretje dr\u017eave.<\/p><p>Edina izjema je, ko se za po\u0161iljanje e-novi\u010dnikov uporablja spletna platforma Freetobook, kjer so shranjeni osebni podatki za po\u0161iljanje takih novic (ime, priimek, elektronska po\u0161ta). Spletna platforma Freetobook v svojih Splo\u0161nih pogojih uporabe in Politiki zasebnosti zagotavlja spo\u0161tovanje pravil iz Splo\u0161ne uredbe GDPR (Uredba EU 2016\/679) in potrjuje, da je pridobila certifikat skladnosti z zasebnostnim \u0161\u010ditom EU-ZDA (EU-U.S. Privacy Shield Framework).<\/p><h3>5. <strong>Vrste osebnih podatkov in nameni njihove obdelave<\/strong><\/h3><p>Adrenalin\u010dek d.o.o. obdeluje osebne podatke posameznikov bodisi na podlagi privolitve, bodisi na podlagi sklenjene pogodbe.<\/p><h3>5.1 <strong>Obdelava na podlagi privolitve<\/strong><\/h3><p>Podjetje Adrenalin\u010dek d.o.o. zbira in obdeluje osebne podatke posameznikov za namene po\u0161iljanja e-novic, z informacijami o aktualnih ponudbah, ugodnostih in ostalih novostih povezanih s turisti\u010dno ter gostinsko dejavnostjo resorta. Navedena obvestila se po\u0161iljajo izklju\u010dno preko elektronske po\u0161te.<\/p><p>Za ta namen podjetje Adrenalin\u010dek d.o.o. od posameznika zbira in obdeluje naslednje osebne podatke: ime, priimek, elektronski naslov.<\/p><h3>5.2. <strong>Obdelava na podlagi pogodbe<\/strong><\/h3><p>Adrenalin\u010dek d.o.o. zbira in obdeluje osebne podatke posameznikov na podlagi sklenjene pogodbe za rezervacijo no\u010ditev, kakor to opredeljujejo Splo\u0161ni pogoji.<\/p><p>Osebni podatki, zbrani na tej podlagi, so potrebni za izvr\u0161itev pogodbene obveznosti o izvr\u0161itvi naro\u010dene storitve v okviru ponudbe resorta oziroma za poprodajne aktivnosti, kot je preverjanje zadovoljstva o opravljenem nakupu.\u00a0<\/p><p>Za ta namen Adrenalin\u010dek d.o.o. od posameznika zbira in obdeluje naslednje osebne podatke: ime, priimek, elektronski naslov, ulica, po\u0161tna \u0161tevilka, mesto, dr\u017eava.<\/p><p>Adrenalin\u010dek d.o.o. ne zbira \u0161tevilk in drugih podatkov, ki se nana\u0161ajo na kreditne kartice in jih kupec posreduje preko spletnega mesta. Te podatke zbirajo izklju\u010dno ponudniki pla\u010devanja s kreditnimi karticami.<\/p><h3>6. <strong>Varstvo osebnih podatkov<\/strong><\/h3><p>Adrenalin\u010dek d.o.o. za zagotavljanje varovanja osebnih podatkov izvaja vse potrebne pravne, organizacijske in ustrezne logisti\u010dno-tehni\u010dne postopke in ukrepe, bodisi sam na podlagi internih aktov, bodisi preko svojih pogodbenih partnerjev.<\/p><h3>7. <strong>Rok hrambe osebnih podatkov<\/strong><\/h3><p>Osebni podatki posameznika, ki so pridobljeni na podlagi privolitve, se lahko obdelujejo in hranijo, do izpolnitve namena oziroma do preklica dane privolitve posameznika.<\/p><h3>8. <strong>Pravice posameznika<\/strong><\/h3><p>Skladno z veljavno zakonodajo, ki ureja podro\u010dje varstva osebnih podatkov, ima posameznik pravico dano privolitev kadarkoli preklicati, zahtevati dostop do podatkov, popravek podatkov, omejitev obdelave, izbris osebnih podatkov, prenosljivost podatkov ali pravico do ugovora, in sicer tako, da nas o tem obvesti pisno po po\u0161ti na naslov Adrenalin\u010dek d.o.o., Spominska 4, 3000 Celje ali preko elektronske po\u0161te info@adrenalincek.org. Na navedeni naslov lahko posameznik poda tudi prito\u017ebo v zvezi z obdelavo njegovih osebnih podatkov.<\/p><p>Posameznik pa lahko prito\u017ebo glede obdelave njegovih osebnih podatkov poda tudi neposredno pristojnemu nadzornemu organu, tj. Informacijskemu poobla\u0161\u010dencu Republike Slovenije.<\/p><h3>9. <strong>Ravnanje v primeru kr\u0161itev<\/strong><\/h3><p>V primeru kr\u0161itev varstva osebnih podatkov bo podjetje Adrenalin\u010dek d.o.o. nemudoma izvedlo vse notranje in zunanje ukrepe (tehni\u010dne, organizacijske) za za\u0161\u010dito pravic in interesov posameznika, vsakega od prizadetih bo o tem obvestil, prav tako bo s tem seznanil pristojni nadzorni organ v Republiki Sloveniji.<\/p>\t\t\t\t\t\t\t\t<\/div>\n\t\t\t\t<\/div>\n\t\t\t\t\t<\/div>\n\t\t<\/div>\n\t\t\t\t\t<\/div>\n\t\t<\/section>\n\t\t\t\t<section class=\"elementor-section elementor-top-section elementor-element elementor-element-4783b92 elementor-section-full_width elementor-section-height-default elementor-section-height-default\" data-id=\"4783b92\" data-element_type=\"section\" data-e-type=\"section\">\n\t\t\t\t\t\t<div class=\"elementor-container elementor-column-gap-no\">\n\t\t\t\t\t<div class=\"elementor-column elementor-col-100 elementor-top-column elementor-element elementor-element-6e81b26\" data-id=\"6e81b26\" data-element_type=\"column\" data-e-type=\"column\">\n\t\t\t<div class=\"elementor-widget-wrap elementor-element-populated\">\n\t\t\t\t\t\t<div class=\"elementor-element elementor-element-cd3730c elementor-widget elementor-widget-template\" data-id=\"cd3730c\" data-element_type=\"widget\" data-e-type=\"widget\" data-widget_type=\"template.default\">\n\t\t\t\t<div class=\"elementor-widget-container\">\n\t\t\t\t\t\t\t<div class=\"elementor-template\">\n\t\t\t\t\t<div data-elementor-type=\"section\" data-elementor-id=\"4217\" class=\"elementor elementor-4217 elementor-4131 elementor-4131\" data-elementor-post-type=\"elementor_library\">\n\t\t\t\t\t<section class=\"elementor-section elementor-top-section elementor-element elementor-element-40bf5426 elementor-section-boxed elementor-section-height-default elementor-section-height-default\" data-id=\"40bf5426\" data-element_type=\"section\" data-e-type=\"section\" id=\"info\" data-settings=\"{&quot;background_background&quot;:&quot;classic&quot;}\">\n\t\t\t\t\t\t<div class=\"elementor-container elementor-column-gap-default\">\n\t\t\t\t\t<div class=\"elementor-column elementor-col-100 elementor-top-column elementor-element elementor-element-14b4d02b\" data-id=\"14b4d02b\" data-element_type=\"column\" data-e-type=\"column\">\n\t\t\t<div class=\"elementor-widget-wrap elementor-element-populated\">\n\t\t\t\t\t\t<div class=\"elementor-element elementor-element-5ca42483 elementor-widget elementor-widget-heading\" data-id=\"5ca42483\" data-element_type=\"widget\" data-e-type=\"widget\" data-widget_type=\"heading.default\">\n\t\t\t\t<div class=\"elementor-widget-container\">\n\t\t\t\t\t<h3 class=\"elementor-heading-title elementor-size-default\">zadnje<\/h3>\t\t\t\t<\/div>\n\t\t\t\t<\/div>\n\t\t\t\t<div class=\"elementor-element elementor-element-1b3ca4c1 elementor-widget elementor-widget-heading\" data-id=\"1b3ca4c1\" data-element_type=\"widget\" data-e-type=\"widget\" data-widget_type=\"heading.default\">\n\t\t\t\t<div class=\"elementor-widget-container\">\n\t\t\t\t\t<h2 class=\"elementor-heading-title elementor-size-default\">objave<\/h2>\t\t\t\t<\/div>\n\t\t\t\t<\/div>\n\t\t\t\t<div class=\"elementor-element elementor-element-3bf22774 uael-post__link-complete-yes uael-equal__height-yes elementor-widget elementor-widget-uael-posts\" data-id=\"3bf22774\" data-element_type=\"widget\" data-e-type=\"widget\" data-settings=\"{&quot;classic_slides_to_show&quot;:2,&quot;classic_slides_to_show_tablet&quot;:2,&quot;classic_slides_to_show_mobile&quot;:1,&quot;classic_show_filters&quot;:&quot;no&quot;}\" data-widget_type=\"uael-posts.classic\">\n\t\t\t\t<div class=\"elementor-widget-container\">\n\t\t\t\t\t\t\t<div class=\"uael-post__header\">\n\t\t\t\t\t<\/div>\n\t\t<div class=\"uael-post__body\">\n\t\t\t\n\t\t\n\t\t<div class=\"uael-blog-terms-position-above_content uael-post-image-top uael-post-grid uael-posts\" data-query-type=\"custom\" data-structure=\"normal\" data-layout=\"\" data-page=\"4217\" data-skin=\"classic\" data-filter-default=\"\" data-offset-top=\"30\" >\n\n\t\t\t\t\t\t\t<div class=\"uael-post-grid__inner uael-post__columns-2 uael-post__columns-tablet-2 uael-post__columns-mobile-1\">\n\t\t\t\n<div class=\"uael-post-wrapper   novice \">\n\t<div class=\"uael-post__bg-wrap uael-bg-wrap-disabled \">\n\n\t\t\t\t\t<a href=\"https:\/\/www.adrenaline-check.com\/sl\/2022\/02\/otvoritev-2022\/\" target=\"_self\" class=\"uael-post__complete-box-overlay\" aria-label=\"Link Complete Box\"><\/a>\n\t\t\t\t\n\t\t<div class=\"uael-post__inner-wrap uael-inner-wrap-disabled\">\n\n\t\t\t\t<div class=\"uael-post__thumbnail\">\n\t\t\t\n\t\t\t<a href=\"https:\/\/www.adrenaline-check.com\/sl\/2022\/02\/otvoritev-2022\/\" target=\"_self\" title=\"Adrenalin\u010dek\"><img fetchpriority=\"high\" decoding=\"async\" width=\"768\" height=\"546\" src=\"https:\/\/www.adrenaline-check.com\/wp-content\/uploads\/2020\/11\/DJI_0006-768x546.jpg\" class=\"attachment-medium_large size-medium_large wp-image-899\" alt=\"\" srcset=\"https:\/\/www.adrenaline-check.com\/wp-content\/uploads\/2020\/11\/DJI_0006-768x546.jpg 768w, https:\/\/www.adrenaline-check.com\/wp-content\/uploads\/2020\/11\/DJI_0006-300x213.jpg 300w, https:\/\/www.adrenaline-check.com\/wp-content\/uploads\/2020\/11\/DJI_0006-1024x728.jpg 1024w, https:\/\/www.adrenaline-check.com\/wp-content\/uploads\/2020\/11\/DJI_0006-1536x1092.jpg 1536w, https:\/\/www.adrenaline-check.com\/wp-content\/uploads\/2020\/11\/DJI_0006-2048x1456.jpg 2048w\" sizes=\"(max-width: 768px) 100vw, 768px\" \/><\/a>\n\t\t\t\t\t<\/div>\n\t\t\n\t\t\t\n\t\t\t<div class=\"uael-post__content-wrap uael-content-wrap-disabled\">\n\t\t\t\t\t\t\t<div class=\"uael-post__terms-wrap\"><span class=\"uael-post__terms\"><a href=\"https:\/\/www.adrenaline-check.com\/sl\/category\/novice\/\" class=\"uael-listing__terms-link\" id=\"uael-post-term-novice\" aria-labelledby=\"uael-post-term-novice\">Novice<\/a><\/span><\/div>\n\t\t\t\t\t\t<h3 class=\"uael-post__title\">\n\n\t\t\n\t\t\t\t\t\t<a href=\"https:\/\/www.adrenaline-check.com\/sl\/2022\/02\/otvoritev-2022\/\" target=\"_self\">\n\t\t\t\tAdrenalin\u010dek\t\t\t<\/a>\n\n\t\t\t\t<\/h3>\n\t\t\t\t\t<div class=\"uael-post__meta-data\">\n\t\t\t\t\t<span class=\"uael-post__date\">\n\t\t\t\t\t\t\t\t\t\t\t\t\t<i aria-hidden=\"true\" class=\"fa fa-calendar\"><\/i>\t\t\t\t\t\t\t\t\t\n\t\t\t19. februarja, 2022\t\t<\/span>\n\t\t\t\t<span class=\"uael-post__comments\">\n\t\t\t\t\t\t\t\t\t\t\t\t<i aria-hidden=\"true\" class=\"fa fa-comments\"><\/i>\t\t\t\t\t\t\t\t\t\tNi komentarjev\t\t<\/span>\n\t\t\t\t<\/div>\n\t\t\n\t\t<div class=\"uael-post__excerpt\">\n\t\t\tRezervirajte svoje najljub\u0161e po\u010ditnice zdaj!\t\t<\/div>\n\n\t\t\t\t\t<a class=\"uael-post__read-more elementor-button\" href=\"https:\/\/www.adrenaline-check.com\/sl\/2022\/02\/otvoritev-2022\/\" target=\"_self\" aria-labelledby=\"uael-post-4114\">\n\t\t\t\t\t<span class=\"elementor-button-content-wrapper\">\n\t\t\t\t\t\t\t\t\t\t\t\t\t\t<span class=\"elementor-button-icon elementor-align-icon-left\">\n\n\t\t\t\t\t\t\t\t\t\n\t\t\t\t\t\t\t\t<\/span>\n\t\t\t\t\t\t\t\t\t\t\t\t\t\n\t\t\t\t\t\t<span class=\"elementor-button-text\" id=uael-post-4114>Preberi ve\u010d \u2192<\/span>\n\t\t\t\t\t<\/span>\n\t\t\t\t<\/a>\n\t\t\t\t\t\t<\/div>\n\t\t\t\n\t\t<\/div>\n\t\t\n\t<\/div>\n\n<\/div>\n\t\t\t\t<\/div>\n\t\t\t\t\t\t\n\t\t<\/div>\n\n\t\t\t\t\t\t<\/div>\n\t\t<div class=\"uael-post__footer\">\n\t\t\t\t\t<\/div>\n\t\t\t\t\t\t<\/div>\n\t\t\t\t<\/div>\n\t\t\t\t\t<\/div>\n\t\t<\/div>\n\t\t\t\t\t<\/div>\n\t\t<\/section>\n\t\t\t\t<\/div>\n\t\t\t\t<\/div>\n\t\t\t\t\t\t<\/div>\n\t\t\t\t<\/div>\n\t\t\t\t\t<\/div>\n\t\t<\/div>\n\t\t\t\t\t<\/div>\n\t\t<\/section>\n\t\t\t\t<\/div>\n\t\t","protected":false},"excerpt":{"rendered":"<p>Politika zasebnosti Ta Politika varstva zasebnosti in uporabe pi\u0161kotkov na spletnem mestu velja za vsakogar, ki se \u0161teje za uporabnika ter za celotno spletno mesto, vklju\u010dno z njegovimi podstranmi. Uporabnik je vsaka pravna ali fizi\u010dna oseba, ki uporablja oziroma obi\u0161\u010de spletno mesto www.adrenalincek.org\/si\u00a0(v nadaljevanju: uporabnik).Kupec je vsaka pravna ali fizi\u010dna oseba, ki v skladu s [&hellip;]<\/p>\n","protected":false},"author":1,"featured_media":0,"parent":0,"menu_order":8,"comment_status":"closed","ping_status":"closed","template":"","meta":{"site-sidebar-layout":"no-sidebar","site-content-layout":"page-builder","ast-site-content-layout":"default","site-content-style":"default","site-sidebar-style":"default","ast-global-header-display":"","ast-banner-title-visibility":"","ast-main-header-display":"","ast-hfb-above-header-display":"","ast-hfb-below-header-display":"","ast-hfb-mobile-header-display":"","site-post-title":"disabled","ast-breadcrumbs-content":"","ast-featured-img":"disabled","footer-sml-layout":"","ast-disable-related-posts":"","theme-transparent-header-meta":"enabled","adv-header-id-meta":"","stick-header-meta":"","header-above-stick-meta":"","header-main-stick-meta":"","header-below-stick-meta":"","astra-migrate-meta-layouts":"default","ast-page-background-enabled":"default","ast-page-background-meta":{"desktop":{"background-color":"","background-image":"","background-repeat":"repeat","background-position":"center center","background-size":"auto","background-attachment":"scroll","background-type":"","background-media":"","overlay-type":"","overlay-color":"","overlay-opacity":"","overlay-gradient":""},"tablet":{"background-color":"","background-image":"","background-repeat":"repeat","background-position":"center center","background-size":"auto","background-attachment":"scroll","background-type":"","background-media":"","overlay-type":"","overlay-color":"","overlay-opacity":"","overlay-gradient":""},"mobile":{"background-color":"","background-image":"","background-repeat":"repeat","background-position":"center center","background-size":"auto","background-attachment":"scroll","background-type":"","background-media":"","overlay-type":"","overlay-color":"","overlay-opacity":"","overlay-gradient":""}},"ast-content-background-meta":{"desktop":{"background-color":"var(--ast-global-color-5)","background-image":"","background-repeat":"repeat","background-position":"center center","background-size":"auto","background-attachment":"scroll","background-type":"","background-media":"","overlay-type":"","overlay-color":"","overlay-opacity":"","overlay-gradient":""},"tablet":{"background-color":"var(--ast-global-color-5)","background-image":"","background-repeat":"repeat","background-position":"center center","background-size":"auto","background-attachment":"scroll","background-type":"","background-media":"","overlay-type":"","overlay-color":"","overlay-opacity":"","overlay-gradient":""},"mobile":{"background-color":"var(--ast-global-color-5)","background-image":"","background-repeat":"repeat","background-position":"center center","background-size":"auto","background-attachment":"scroll","background-type":"","background-media":"","overlay-type":"","overlay-color":"","overlay-opacity":"","overlay-gradient":""}},"footnotes":""},"class_list":["post-4786","page","type-page","status-publish","hentry"],"_links":{"self":[{"href":"https:\/\/www.adrenaline-check.com\/sl\/wp-json\/wp\/v2\/pages\/4786","targetHints":{"allow":["GET"]}}],"collection":[{"href":"https:\/\/www.adrenaline-check.com\/sl\/wp-json\/wp\/v2\/pages"}],"about":[{"href":"https:\/\/www.adrenaline-check.com\/sl\/wp-json\/wp\/v2\/types\/page"}],"author":[{"embeddable":true,"href":"https:\/\/www.adrenaline-check.com\/sl\/wp-json\/wp\/v2\/users\/1"}],"replies":[{"embeddable":true,"href":"https:\/\/www.adrenaline-check.com\/sl\/wp-json\/wp\/v2\/comments?post=4786"}],"version-history":[{"count":0,"href":"https:\/\/www.adrenaline-check.com\/sl\/wp-json\/wp\/v2\/pages\/4786\/revisions"}],"wp:attachment":[{"href":"https:\/\/www.adrenaline-check.com\/sl\/wp-json\/wp\/v2\/media?parent=4786"}],"curies":[{"name":"wp","href":"https:\/\/api.w.org\/{rel}","templated":true}]}}