{"id":6399,"date":"2021-02-12T10:55:15","date_gmt":"2021-02-12T10:55:15","guid":{"rendered":"https:\/\/www.adrenaline-check.com\/splosni-pogoji\/"},"modified":"2023-08-30T09:14:52","modified_gmt":"2023-08-30T09:14:52","slug":"splosni-pogoji","status":"publish","type":"page","link":"https:\/\/www.adrenaline-check.com\/sl\/splosni-pogoji\/","title":{"rendered":"Splo\u0161ni pogoji"},"content":{"rendered":"\t\t<div data-elementor-type=\"wp-post\" data-elementor-id=\"6399\" class=\"elementor elementor-6399 elementor-6391\" data-elementor-post-type=\"page\">\n\t\t\t\t\t\t<section class=\"elementor-section elementor-top-section elementor-element elementor-element-55da042 elementor-section-content-middle elementor-section-boxed elementor-section-height-default elementor-section-height-default\" data-id=\"55da042\" data-element_type=\"section\" data-e-type=\"section\" data-settings=\"{&quot;background_background&quot;:&quot;classic&quot;}\">\n\t\t\t\t\t\t\t<div class=\"elementor-background-overlay\"><\/div>\n\t\t\t\t\t\t\t<div class=\"elementor-container elementor-column-gap-no\">\n\t\t\t\t\t<div class=\"elementor-column elementor-col-100 elementor-top-column elementor-element elementor-element-f0b3b04\" data-id=\"f0b3b04\" data-element_type=\"column\" data-e-type=\"column\">\n\t\t\t<div class=\"elementor-widget-wrap elementor-element-populated\">\n\t\t\t\t\t\t<div class=\"elementor-element elementor-element-ca6074d elementor-widget elementor-widget-heading\" data-id=\"ca6074d\" data-element_type=\"widget\" data-e-type=\"widget\" data-widget_type=\"heading.default\">\n\t\t\t\t<div class=\"elementor-widget-container\">\n\t\t\t\t\t<h1 class=\"elementor-heading-title elementor-size-default\">Splo\u0161ni pogoji<\/h1>\t\t\t\t<\/div>\n\t\t\t\t<\/div>\n\t\t\t\t\t<\/div>\n\t\t<\/div>\n\t\t\t\t\t<\/div>\n\t\t<\/section>\n\t\t\t\t<section class=\"elementor-section elementor-top-section elementor-element elementor-element-e0b84c5 elementor-section-content-middle elementor-section-boxed elementor-section-height-default elementor-section-height-default\" data-id=\"e0b84c5\" data-element_type=\"section\" data-e-type=\"section\">\n\t\t\t\t\t\t<div class=\"elementor-container elementor-column-gap-no\">\n\t\t\t\t\t<div class=\"elementor-column elementor-col-100 elementor-top-column elementor-element elementor-element-4f11e7c\" data-id=\"4f11e7c\" data-element_type=\"column\" data-e-type=\"column\">\n\t\t\t<div class=\"elementor-widget-wrap elementor-element-populated\">\n\t\t\t\t\t\t<div class=\"elementor-element elementor-element-192230e elementor-widget elementor-widget-text-editor\" data-id=\"192230e\" data-element_type=\"widget\" data-e-type=\"widget\" data-widget_type=\"text-editor.default\">\n\t\t\t\t<div class=\"elementor-widget-container\">\n\t\t\t\t\t\t\t\t\t<h3>Pogodbeni partnerji<\/h3>\n<p>Pogodbena partnerja sta Adrenalin\u010dek Eko Plac (v nadaljevanju &#8220;resort&#8221;) in gost. \u010ce je za gosta oddala naro\u010dilo tretja oseba, potem na podlagi solidarnega jamstva tretja oseba skupaj z gostom jam\u010di resortu za vse obveznosti iz pogodbe.<\/p>\n<h3>Sklenitev pogodbe<\/h3>\n<p>Pogodba je sklenjena, ko resort prejme pisno potrdilo s strani gosta in ko resort po\u0161lje potrditev rezervacije gostu. S tem se smatra, da gost v celoti sprejema Splo\u0161ne pogoje poslovanja. Pozor: ponudba za nastanitev ne pomeni rezervirane sobe. Gost mora potrditi prejeto ponudbo s klju\u010dnimi podatki in pla\u010dati 50% depozit celotne rezervacije, na osnovi katere prejme potrditev rezervacije, ki mu zagotavlja bivanje v resortu.<\/p>\n<h3>Valuta<\/h3>\n<p>Vse cene so v valuti evro (\u20ac \/ EUR) in imajo vklju\u010den DDV.<\/p>\n<h3>Rezervacija<\/h3>\n<p>Gost lahko opravi rezervacijo pisno na elektronski naslov <a href=\"mailto:info@adrenalincek.org\"><u>info@adrenalincek.org<\/u><\/a>, po telefonu\u00a0<a href=\"tel:+38641383662\"><u>+386 41 383 662<\/u><\/a> ali osebno na recepciji resorta. Rezervacijo lahko gost opravi tudi preko spletne strani ali spletnih portalov. V primeru rezervacij preko spletnih portalov, se gost strinja s pogoji rezervacije na spletnem portalu in posledi\u010dno tudi s splo\u0161nimi pogoji resorta.<\/p>\n<h3>Odpoved rezervacije ali sprememba rezervacije<\/h3>\n<p>Za spremembo rezervacije\/odpoved rezervacije pi\u0161ite na <a href=\"mailto:info@adrenalincek.org\"><u>info@adrenalincek.org<\/u><\/a>, pokli\u010dite na\u00a0<a href=\"tel:+38641383662\"><u>+386 41 383 662<\/u><\/a> ali odpovete svojo rezervacijo preko spletne strani s kodo, ki jo prejmete na va\u0161 e-mail naslov ob rezervaciji preko spletne strani.<\/p>\n<h3>Pogoji odpovedi<\/h3>\n<p>Veljajo naslednji pogoji odpovedi:<\/p>\n<ul>\n<li>Do 14 dni pred prihodom: brez stro\u0161kov odpovedi<\/li>\n<li>14 &#8211; 5 dni pred prihodom: 50% zneska skupne cene<\/li>\n<li>5 &#8211; 0 dni pred prihodom: 100% zneska skupne cene<\/li>\n<\/ul>\n<p>Pri pred\u010dasnem odhodu je potrebno pla\u010dati preostale dni no\u010ditve.<br \/><br \/><\/p>\n<h3>Neprihod gosta<\/h3>\n<p>\u010ce se gost ne prijavi v resort na dan prihoda, se bremeni skladno s pogoji o odpovedi rezervacije.<\/p>\n<h3>Pla\u010dilo<\/h3>\n<p>Mo\u017eni so naslednji na\u010dini pla\u010dila: Visa, Mastercard\/Eurocard, Maestro, gotovina, predra\u010dun.<\/p>\n<h3>Storitev<\/h3>\n<p>Osnovna storitev je no\u010ditev.<\/p>\n<h3>Cena vklju\u010duje<\/h3>\n<p>No\u010ditev, brez\u017ei\u010dni internet, parkiri\u0161\u010de, posteljnina, brisa\u010de, uporabo vseh skupnih prostorov.<\/p>\n<h3>Prijava\/odjava gostov<\/h3>\n<p>prijava: od 14:00, odjava: do 10:00<\/p>\n<p>Rezervirano namestitev za gosta dr\u017eimo na dan prihoda do 22. ure. V primeru kasnej\u0161ega prihoda je gost dol\u017een pred\u010dasno obvestiti resort \u2013 najkasneje do 22. ure na dan prihoda. V kolikor gost ne seznani resort pravo\u010dasno, resort ni dol\u017een dr\u017eati sobe za gosta, prav tako ima pravico gostu zara\u010dunati stro\u0161ke neprihoda.<\/p>\n<h3>Prijava v resort<\/h3>\n<p>Iz varnostnih razlogov morajo gostje ob prijavi imeti s seboj veljaven osebni dokument (osebna izkaznica ali potni list).<\/p>\n<h3>Turisti\u010dna taksa<\/h3>\n<p>Se zara\u010duna vsem osebam po pogojih odrejenih s strani Ob\u010dine Bovec. Odraslim se zara\u010duna turisti\u010dna taksa v vi\u0161ini 2 \u20ac na osebo na no\u010d.<br \/>Otroci in mladina od 7. leta starosti do 18. leta starosti, pla\u010dajo polovi\u010dno vrednost odrejene turisti\u010dne takse, v vrednosti 1 \u20ac na osebo na no\u010d.<\/p>\n<h3>Hi\u0161ni ljubljen\u010dki<\/h3>\n<p>Hi\u0161ni ljubljen\u010dki v resortu niso dovoljeni, razen \u010de bivate v svojem \u0161otoru.<\/p>\n<h3><strong>Kajenje<\/strong><\/h3>\n<p>Kajenje v notranjih prostorih je prepovedano. Gostom je kajenje omogo\u010deno na zunanjih povr\u0161inah.<\/p>\n<h3>Parkiri\u0161\u010de<\/h3>\n<p>Gostom je na voljo brezpla\u010dno zunanje parkiri\u0161\u010de. Resort ne sprejema odgovornosti za varnost vozil, po\u0161kodbe vozil ali za stvari shranjene v njem.<\/p>\n<h3>\u0160koda<\/h3>\n<p>Pridr\u017eujemo si pravico in gost nas s podpisom na prijavnici poobla\u0161\u010da, da zara\u010dunamo za morebitno \u0161kodo, ki je nastala v sobi gosta ali v resortu med bivanjem gosta, ali za vse predmete, ki manjkajo ob odhodu gosta.<\/p>\n<h3>Darilni boni<\/h3>\n<p>Darilni bon je veljaven do izteka datuma veljavnosti, ki je naveden na vsakem posami\u010dnem darilnem bonu. V kolikor na darilnem bonu datum veljavnost ni zapisan, se \u0161teje, da je darilni bon veljaven eno leto od datuma izdaje. Darilne bone je potrebno predlo\u017eiti pred kori\u0161\u010denjem storitev v gostinstvu in ob prijavi v resortu na recepciji. Bona ni mo\u017eno zamenjati za denar.<\/p>\n<h3>Pred\u010dasni odhod<\/h3>\n<p>Resort ni dol\u017een vrniti gostu\/stranki vrednosti no\u010ditve za pred\u010dasni odhod. Za morebitne izjeme glede na razlog pred\u010dasnega odhoda, je potrebna odobritev s strani vodstva.<\/p>\n<h3>Veljavno pravo<\/h3>\n<p>Za te splo\u0161ne pogoje velja slovenska zakonodaja. Stranki se dogovorita za izklju\u010dno pristojnost slovenskih sodi\u0161\u010d.<\/p>\n<h3>Varovanje zasebnosti<\/h3>\n<p>Resort vse pridobljene podatke o gostih varuje v skladu z Zakonom o varstvu osebnih podatkov. \u0160teje se, da gost s sprejemom ponudbe pristaja na uporabo teh podatkov tudi za namene statisti\u010dne obdelave in obve\u0161\u010danja o ponudbah. Ob prijavi v resort je potrebno predlo\u017eiti osebni dokument.<\/p>\t\t\t\t\t\t\t\t<\/div>\n\t\t\t\t<\/div>\n\t\t\t\t\t<\/div>\n\t\t<\/div>\n\t\t\t\t\t<\/div>\n\t\t<\/section>\n\t\t\t\t<section class=\"elementor-section elementor-top-section elementor-element elementor-element-4783b92 elementor-section-full_width elementor-section-height-default elementor-section-height-default\" data-id=\"4783b92\" data-element_type=\"section\" data-e-type=\"section\">\n\t\t\t\t\t\t<div class=\"elementor-container elementor-column-gap-no\">\n\t\t\t\t\t<div class=\"elementor-column elementor-col-100 elementor-top-column elementor-element elementor-element-6e81b26\" data-id=\"6e81b26\" data-element_type=\"column\" data-e-type=\"column\">\n\t\t\t<div class=\"elementor-widget-wrap elementor-element-populated\">\n\t\t\t\t\t\t<div class=\"elementor-element elementor-element-cd3730c elementor-widget elementor-widget-template\" data-id=\"cd3730c\" data-element_type=\"widget\" data-e-type=\"widget\" data-widget_type=\"template.default\">\n\t\t\t\t<div class=\"elementor-widget-container\">\n\t\t\t\t\t\t\t<div class=\"elementor-template\">\n\t\t\t\t\t<div data-elementor-type=\"section\" data-elementor-id=\"4217\" class=\"elementor elementor-4217 elementor-4131 elementor-4131\" data-elementor-post-type=\"elementor_library\">\n\t\t\t\t\t<section class=\"elementor-section elementor-top-section elementor-element elementor-element-40bf5426 elementor-section-boxed elementor-section-height-default elementor-section-height-default\" data-id=\"40bf5426\" data-element_type=\"section\" data-e-type=\"section\" id=\"info\" data-settings=\"{&quot;background_background&quot;:&quot;classic&quot;}\">\n\t\t\t\t\t\t<div class=\"elementor-container elementor-column-gap-default\">\n\t\t\t\t\t<div class=\"elementor-column elementor-col-100 elementor-top-column elementor-element elementor-element-14b4d02b\" data-id=\"14b4d02b\" data-element_type=\"column\" data-e-type=\"column\">\n\t\t\t<div class=\"elementor-widget-wrap elementor-element-populated\">\n\t\t\t\t\t\t<div class=\"elementor-element elementor-element-5ca42483 elementor-widget elementor-widget-heading\" data-id=\"5ca42483\" data-element_type=\"widget\" data-e-type=\"widget\" data-widget_type=\"heading.default\">\n\t\t\t\t<div class=\"elementor-widget-container\">\n\t\t\t\t\t<h3 class=\"elementor-heading-title elementor-size-default\">zadnje<\/h3>\t\t\t\t<\/div>\n\t\t\t\t<\/div>\n\t\t\t\t<div class=\"elementor-element elementor-element-1b3ca4c1 elementor-widget elementor-widget-heading\" data-id=\"1b3ca4c1\" data-element_type=\"widget\" data-e-type=\"widget\" data-widget_type=\"heading.default\">\n\t\t\t\t<div class=\"elementor-widget-container\">\n\t\t\t\t\t<h2 class=\"elementor-heading-title elementor-size-default\">objave<\/h2>\t\t\t\t<\/div>\n\t\t\t\t<\/div>\n\t\t\t\t<div class=\"elementor-element elementor-element-3bf22774 uael-post__link-complete-yes uael-equal__height-yes elementor-widget elementor-widget-uael-posts\" data-id=\"3bf22774\" data-element_type=\"widget\" data-e-type=\"widget\" data-settings=\"{&quot;classic_slides_to_show&quot;:2,&quot;classic_slides_to_show_tablet&quot;:2,&quot;classic_slides_to_show_mobile&quot;:1,&quot;classic_show_filters&quot;:&quot;no&quot;}\" data-widget_type=\"uael-posts.classic\">\n\t\t\t\t<div class=\"elementor-widget-container\">\n\t\t\t\t\t\t\t<div class=\"uael-post__header\">\n\t\t\t\t\t<\/div>\n\t\t<div class=\"uael-post__body\">\n\t\t\t\n\t\t\n\t\t<div class=\"uael-blog-terms-position-above_content uael-post-image-top uael-post-grid uael-posts\" data-query-type=\"custom\" data-structure=\"normal\" data-layout=\"\" data-page=\"4217\" data-skin=\"classic\" data-filter-default=\"\" data-offset-top=\"30\" >\n\n\t\t\t\t\t\t\t<div class=\"uael-post-grid__inner uael-post__columns-2 uael-post__columns-tablet-2 uael-post__columns-mobile-1\">\n\t\t\t\n<div class=\"uael-post-wrapper   novice \">\n\t<div class=\"uael-post__bg-wrap uael-bg-wrap-disabled \">\n\n\t\t\t\t\t<a href=\"https:\/\/www.adrenaline-check.com\/sl\/2022\/02\/otvoritev-2022\/\" target=\"_self\" class=\"uael-post__complete-box-overlay\" aria-label=\"Link Complete Box\"><\/a>\n\t\t\t\t\n\t\t<div class=\"uael-post__inner-wrap uael-inner-wrap-disabled\">\n\n\t\t\t\t<div class=\"uael-post__thumbnail\">\n\t\t\t\n\t\t\t<a href=\"https:\/\/www.adrenaline-check.com\/sl\/2022\/02\/otvoritev-2022\/\" target=\"_self\" title=\"Adrenalin\u010dek\"><img fetchpriority=\"high\" decoding=\"async\" width=\"768\" height=\"546\" src=\"https:\/\/www.adrenaline-check.com\/wp-content\/uploads\/2020\/11\/DJI_0006-768x546.jpg\" class=\"attachment-medium_large size-medium_large wp-image-899\" alt=\"\" srcset=\"https:\/\/www.adrenaline-check.com\/wp-content\/uploads\/2020\/11\/DJI_0006-768x546.jpg 768w, https:\/\/www.adrenaline-check.com\/wp-content\/uploads\/2020\/11\/DJI_0006-300x213.jpg 300w, https:\/\/www.adrenaline-check.com\/wp-content\/uploads\/2020\/11\/DJI_0006-1024x728.jpg 1024w, https:\/\/www.adrenaline-check.com\/wp-content\/uploads\/2020\/11\/DJI_0006-1536x1092.jpg 1536w, https:\/\/www.adrenaline-check.com\/wp-content\/uploads\/2020\/11\/DJI_0006-2048x1456.jpg 2048w\" sizes=\"(max-width: 768px) 100vw, 768px\" \/><\/a>\n\t\t\t\t\t<\/div>\n\t\t\n\t\t\t\n\t\t\t<div class=\"uael-post__content-wrap uael-content-wrap-disabled\">\n\t\t\t\t\t\t\t<div class=\"uael-post__terms-wrap\"><span class=\"uael-post__terms\"><a href=\"https:\/\/www.adrenaline-check.com\/sl\/category\/novice\/\" class=\"uael-listing__terms-link\" id=\"uael-post-term-novice\" aria-labelledby=\"uael-post-term-novice\">Novice<\/a><\/span><\/div>\n\t\t\t\t\t\t<h3 class=\"uael-post__title\">\n\n\t\t\n\t\t\t\t\t\t<a href=\"https:\/\/www.adrenaline-check.com\/sl\/2022\/02\/otvoritev-2022\/\" target=\"_self\">\n\t\t\t\tAdrenalin\u010dek\t\t\t<\/a>\n\n\t\t\t\t<\/h3>\n\t\t\t\t\t<div class=\"uael-post__meta-data\">\n\t\t\t\t\t<span class=\"uael-post__date\">\n\t\t\t\t\t\t\t\t\t\t\t\t\t<i aria-hidden=\"true\" class=\"fa fa-calendar\"><\/i>\t\t\t\t\t\t\t\t\t\n\t\t\t19. februarja, 2022\t\t<\/span>\n\t\t\t\t<span class=\"uael-post__comments\">\n\t\t\t\t\t\t\t\t\t\t\t\t<i aria-hidden=\"true\" class=\"fa fa-comments\"><\/i>\t\t\t\t\t\t\t\t\t\tNi komentarjev\t\t<\/span>\n\t\t\t\t<\/div>\n\t\t\n\t\t<div class=\"uael-post__excerpt\">\n\t\t\tRezervirajte svoje najljub\u0161e po\u010ditnice zdaj!\t\t<\/div>\n\n\t\t\t\t\t<a class=\"uael-post__read-more elementor-button\" href=\"https:\/\/www.adrenaline-check.com\/sl\/2022\/02\/otvoritev-2022\/\" target=\"_self\" aria-labelledby=\"uael-post-4114\">\n\t\t\t\t\t<span class=\"elementor-button-content-wrapper\">\n\t\t\t\t\t\t\t\t\t\t\t\t\t\t<span class=\"elementor-button-icon elementor-align-icon-left\">\n\n\t\t\t\t\t\t\t\t\t\n\t\t\t\t\t\t\t\t<\/span>\n\t\t\t\t\t\t\t\t\t\t\t\t\t\n\t\t\t\t\t\t<span class=\"elementor-button-text\" id=uael-post-4114>Preberi ve\u010d \u2192<\/span>\n\t\t\t\t\t<\/span>\n\t\t\t\t<\/a>\n\t\t\t\t\t\t<\/div>\n\t\t\t\n\t\t<\/div>\n\t\t\n\t<\/div>\n\n<\/div>\n\t\t\t\t<\/div>\n\t\t\t\t\t\t\n\t\t<\/div>\n\n\t\t\t\t\t\t<\/div>\n\t\t<div class=\"uael-post__footer\">\n\t\t\t\t\t<\/div>\n\t\t\t\t\t\t<\/div>\n\t\t\t\t<\/div>\n\t\t\t\t\t<\/div>\n\t\t<\/div>\n\t\t\t\t\t<\/div>\n\t\t<\/section>\n\t\t\t\t<\/div>\n\t\t\t\t<\/div>\n\t\t\t\t\t\t<\/div>\n\t\t\t\t<\/div>\n\t\t\t\t\t<\/div>\n\t\t<\/div>\n\t\t\t\t\t<\/div>\n\t\t<\/section>\n\t\t\t\t<\/div>\n\t\t","protected":false},"excerpt":{"rendered":"<p>Splo\u0161ni pogoji Pogodbeni partnerji Pogodbena partnerja sta Adrenalin\u010dek Eko Plac (v nadaljevanju &#8220;resort&#8221;) in gost. \u010ce je za gosta oddala naro\u010dilo tretja oseba, potem na podlagi solidarnega jamstva tretja oseba skupaj z gostom jam\u010di resortu za vse obveznosti iz pogodbe. Sklenitev pogodbe Pogodba je sklenjena, ko resort prejme pisno potrdilo s strani gosta in ko [&hellip;]<\/p>\n","protected":false},"author":1,"featured_media":0,"parent":0,"menu_order":9,"comment_status":"closed","ping_status":"closed","template":"","meta":{"site-sidebar-layout":"no-sidebar","site-content-layout":"page-builder","ast-site-content-layout":"default","site-content-style":"default","site-sidebar-style":"default","ast-global-header-display":"","ast-banner-title-visibility":"","ast-main-header-display":"","ast-hfb-above-header-display":"","ast-hfb-below-header-display":"","ast-hfb-mobile-header-display":"","site-post-title":"disabled","ast-breadcrumbs-content":"","ast-featured-img":"disabled","footer-sml-layout":"","ast-disable-related-posts":"","theme-transparent-header-meta":"enabled","adv-header-id-meta":"","stick-header-meta":"","header-above-stick-meta":"","header-main-stick-meta":"","header-below-stick-meta":"","astra-migrate-meta-layouts":"default","ast-page-background-enabled":"default","ast-page-background-meta":{"desktop":{"background-color":"","background-image":"","background-repeat":"repeat","background-position":"center center","background-size":"auto","background-attachment":"scroll","background-type":"","background-media":"","overlay-type":"","overlay-color":"","overlay-opacity":"","overlay-gradient":""},"tablet":{"background-color":"","background-image":"","background-repeat":"repeat","background-position":"center center","background-size":"auto","background-attachment":"scroll","background-type":"","background-media":"","overlay-type":"","overlay-color":"","overlay-opacity":"","overlay-gradient":""},"mobile":{"background-color":"","background-image":"","background-repeat":"repeat","background-position":"center center","background-size":"auto","background-attachment":"scroll","background-type":"","background-media":"","overlay-type":"","overlay-color":"","overlay-opacity":"","overlay-gradient":""}},"ast-content-background-meta":{"desktop":{"background-color":"var(--ast-global-color-5)","background-image":"","background-repeat":"repeat","background-position":"center center","background-size":"auto","background-attachment":"scroll","background-type":"","background-media":"","overlay-type":"","overlay-color":"","overlay-opacity":"","overlay-gradient":""},"tablet":{"background-color":"var(--ast-global-color-5)","background-image":"","background-repeat":"repeat","background-position":"center center","background-size":"auto","background-attachment":"scroll","background-type":"","background-media":"","overlay-type":"","overlay-color":"","overlay-opacity":"","overlay-gradient":""},"mobile":{"background-color":"var(--ast-global-color-5)","background-image":"","background-repeat":"repeat","background-position":"center center","background-size":"auto","background-attachment":"scroll","background-type":"","background-media":"","overlay-type":"","overlay-color":"","overlay-opacity":"","overlay-gradient":""}},"footnotes":""},"class_list":["post-6399","page","type-page","status-publish","hentry"],"_links":{"self":[{"href":"https:\/\/www.adrenaline-check.com\/sl\/wp-json\/wp\/v2\/pages\/6399","targetHints":{"allow":["GET"]}}],"collection":[{"href":"https:\/\/www.adrenaline-check.com\/sl\/wp-json\/wp\/v2\/pages"}],"about":[{"href":"https:\/\/www.adrenaline-check.com\/sl\/wp-json\/wp\/v2\/types\/page"}],"author":[{"embeddable":true,"href":"https:\/\/www.adrenaline-check.com\/sl\/wp-json\/wp\/v2\/users\/1"}],"replies":[{"embeddable":true,"href":"https:\/\/www.adrenaline-check.com\/sl\/wp-json\/wp\/v2\/comments?post=6399"}],"version-history":[{"count":0,"href":"https:\/\/www.adrenaline-check.com\/sl\/wp-json\/wp\/v2\/pages\/6399\/revisions"}],"wp:attachment":[{"href":"https:\/\/www.adrenaline-check.com\/sl\/wp-json\/wp\/v2\/media?parent=6399"}],"curies":[{"name":"wp","href":"https:\/\/api.w.org\/{rel}","templated":true}]}}